{"id":224,"date":"2026-03-02T13:38:37","date_gmt":"2026-03-02T13:38:37","guid":{"rendered":"https:\/\/easyflip.ch\/?page_id=224"},"modified":"2026-03-25T11:40:43","modified_gmt":"2026-03-25T11:40:43","slug":"impressum","status":"publish","type":"page","link":"https:\/\/www.easyflip.ch\/index.php\/impressum\/","title":{"rendered":"Impressum"},"content":{"rendered":"\t\t<div data-elementor-type=\"wp-page\" data-elementor-id=\"224\" class=\"elementor elementor-224\" data-elementor-post-type=\"page\">\n\t\t\t\t<div class=\"elementor-element elementor-element-babacd7 e-flex e-con-boxed e-con e-parent\" data-id=\"babacd7\" data-element_type=\"container\" data-e-type=\"container\">\n\t\t\t\t\t<div class=\"e-con-inner\">\n\t\t<div class=\"elementor-element elementor-element-a63651c e-con-full e-flex e-con e-child\" data-id=\"a63651c\" data-element_type=\"container\" data-e-type=\"container\">\n\t\t\t\t<div class=\"elementor-element elementor-element-38b34a6 elementor-widget elementor-widget-heading\" data-id=\"38b34a6\" data-element_type=\"widget\" data-e-type=\"widget\" data-widget_type=\"heading.default\">\n\t\t\t\t\t<h2 class=\"elementor-heading-title elementor-size-default\">Impressum<\/h2>\t\t\t\t<\/div>\n\t\t\t\t<div class=\"elementor-element elementor-element-f5c701e elementor-widget elementor-widget-text-editor\" data-id=\"f5c701e\" data-element_type=\"widget\" data-e-type=\"widget\" data-widget_type=\"text-editor.default\">\n\t\t\t\t\t\t\t\t\t<p>easyflip.ch by Higgins.ch GmbH<\/p>\t\t\t\t\t\t\t\t<\/div>\n\t\t\t\t<div class=\"elementor-element elementor-element-1b7350c elementor-widget elementor-widget-heading\" data-id=\"1b7350c\" data-element_type=\"widget\" data-e-type=\"widget\" data-widget_type=\"heading.default\">\n\t\t\t\t\t<h2 class=\"elementor-heading-title elementor-size-default\">Webdesign und Marketing<\/h2>\t\t\t\t<\/div>\n\t\t\t\t<div class=\"elementor-element elementor-element-4396ee0 elementor-widget elementor-widget-text-editor\" data-id=\"4396ee0\" data-element_type=\"widget\" data-e-type=\"widget\" data-widget_type=\"text-editor.default\">\n\t\t\t\t\t\t\t\t\t<p>Higgins.ch GmbH<br \/>Dorfstrasse 64<br \/>8835 Feusisberg<br \/><a href=\"https:\/\/www.higgins.ch\/\" target=\"_blank\" rel=\"noopener\">www.higgins.ch<\/a><\/p>\t\t\t\t\t\t\t\t<\/div>\n\t\t\t\t<div class=\"elementor-element elementor-element-c9d4824 elementor-widget elementor-widget-image\" data-id=\"c9d4824\" data-element_type=\"widget\" data-e-type=\"widget\" data-widget_type=\"image.default\">\n\t\t\t\t\t\t\t\t\t\t\t\t\t\t\t<img decoding=\"async\" src=\"https:\/\/www.easyflip.ch\/wp-content\/uploads\/elementor\/thumbs\/footer-logo-higgins-gmbh-feusisberg-schwarz-rjwsi70r2imbr11tm28zbeu0c6ror3dh4wr926c4jk.png\" title=\"footer-logo-higgins-gmbh-feusisberg-schwarz\" alt=\"footer-logo-higgins-gmbh-feusisberg-schwarz\" loading=\"lazy\" \/>\t\t\t\t\t\t\t\t\t\t\t\t\t\t\t<\/div>\n\t\t\t\t<\/div>\n\t\t<div class=\"elementor-element elementor-element-b06fe26 e-con-full e-flex e-con e-child\" data-id=\"b06fe26\" data-element_type=\"container\" data-e-type=\"container\">\n\t\t\t\t<div class=\"elementor-element elementor-element-4eabe51 elementor-widget elementor-widget-heading\" data-id=\"4eabe51\" data-element_type=\"widget\" data-e-type=\"widget\" data-widget_type=\"heading.default\">\n\t\t\t\t\t<h2 class=\"elementor-heading-title elementor-size-default\">Rechtliches<\/h2>\t\t\t\t<\/div>\n\t\t\t\t<div class=\"elementor-element elementor-element-04ef501 elementor-widget elementor-widget-text-editor\" data-id=\"04ef501\" data-element_type=\"widget\" data-e-type=\"widget\" data-widget_type=\"text-editor.default\">\n\t\t\t\t\t\t\t\t\t<p>Das Copyright f\u00fcr den gesamten Internetauftritt liegt bei der Higgins.ch GmbH. Inhalte dieser Website d\u00fcrfen weder kopiert noch in einem anderen Zusammenhang verwendet werden. F\u00fcr die Informationen auf dieser Website werden s\u00e4mtliche Haftungsanspr\u00fcche ausgeschlossen. Logos und Bilder k\u00f6nnen abweichend sein. Das Kopieren, Verwenden oder Ver\u00e4ndern von Inhalten dieser Website, auch auszugsweise, bedarf der schriftlichen Zusage der Higgins.ch GmbH.<\/p>\t\t\t\t\t\t\t\t<\/div>\n\t\t\t\t<\/div>\n\t\t\t\t\t<\/div>\n\t\t\t\t<\/div>\n\t\t\t\t<\/div>\n\t\t","protected":false},"excerpt":{"rendered":"<p>Impressum easyflip.ch by Higgins.ch GmbH Webdesign und Marketing Higgins.ch GmbHDorfstrasse 648835 Feusisbergwww.higgins.ch Rechtliches Das Copyright f\u00fcr den gesamten Internetauftritt liegt bei der Higgins.ch GmbH. Inhalte dieser Website d\u00fcrfen weder kopiert noch in einem anderen Zusammenhang verwendet werden. F\u00fcr die Informationen auf dieser Website werden s\u00e4mtliche Haftungsanspr\u00fcche ausgeschlossen. Logos und Bilder k\u00f6nnen abweichend sein. Das Kopieren, [&hellip;]<\/p>\n","protected":false},"author":1,"featured_media":0,"parent":0,"menu_order":0,"comment_status":"closed","ping_status":"closed","template":"","meta":{"footnotes":""},"class_list":["post-224","page","type-page","status-publish","hentry"],"_links":{"self":[{"href":"https:\/\/www.easyflip.ch\/index.php\/wp-json\/wp\/v2\/pages\/224","targetHints":{"allow":["GET"]}}],"collection":[{"href":"https:\/\/www.easyflip.ch\/index.php\/wp-json\/wp\/v2\/pages"}],"about":[{"href":"https:\/\/www.easyflip.ch\/index.php\/wp-json\/wp\/v2\/types\/page"}],"author":[{"embeddable":true,"href":"https:\/\/www.easyflip.ch\/index.php\/wp-json\/wp\/v2\/users\/1"}],"replies":[{"embeddable":true,"href":"https:\/\/www.easyflip.ch\/index.php\/wp-json\/wp\/v2\/comments?post=224"}],"version-history":[{"count":13,"href":"https:\/\/www.easyflip.ch\/index.php\/wp-json\/wp\/v2\/pages\/224\/revisions"}],"predecessor-version":[{"id":580,"href":"https:\/\/www.easyflip.ch\/index.php\/wp-json\/wp\/v2\/pages\/224\/revisions\/580"}],"wp:attachment":[{"href":"https:\/\/www.easyflip.ch\/index.php\/wp-json\/wp\/v2\/media?parent=224"}],"curies":[{"name":"wp","href":"https:\/\/api.w.org\/{rel}","templated":true}]}}